{"id":597,"date":"2019-11-30T14:46:59","date_gmt":"2019-11-30T14:46:59","guid":{"rendered":"https:\/\/lamche.de\/?page_id=597"},"modified":"2019-12-31T11:56:50","modified_gmt":"2019-12-31T11:56:50","slug":"unsere-leistungen","status":"publish","type":"page","link":"https:\/\/lamche.de\/?page_id=597","title":{"rendered":"Leistungen"},"content":{"rendered":"\n<div class=\"wp-block-group\"><div class=\"wp-block-group__inner-container is-layout-flow wp-block-group-is-layout-flow\">\n<p class=\"has-normal-font-size\"><strong>Seit 1987 beraten wir Unternehmen aller Branchen im In- und Ausland.<\/strong> <strong>Wir helfen bei der Verbesserung der Ertragskraft, optimieren Prozesse und Strukturen und greifen auch ein bei akuten Unternehmenskrisen. <\/strong> <strong>Unser Einsatz erfolgt im Rahmen von Projekten und\/oder als Interimsmanagement. <\/strong><\/p>\n<\/div><\/div>\n\n\n\n<p style=\"margin-top: 60px\"> <\/p>\n\n\n\n<p><\/p>\n\n\n\n\n<table id=\"tablepress-8\" class=\"tablepress tablepress-id-8\">\n<thead>\n<tr class=\"row-1\">\n\t<th class=\"column-1\">Bisher beratene Branchen<\/th><th class=\"column-2\">Beispiele<\/th>\n<\/tr>\n<\/thead>\n<tbody>\n<tr class=\"row-2\">\n\t<td class=\"column-1\">Banken und Sparkassen<\/td><td class=\"column-2\">Gro\u00dfbanken, Landesbanken,  Sparkassen, Genossenschafts&shy;banken, Investment-Banken, Privatbanken,  Spezialbanken<\/td>\n<\/tr>\n<tr class=\"row-3\">\n\t<td class=\"column-1\">Sonstige  Finanzdienst&shy;leistungs&shy;unternehmen<\/td><td class=\"column-2\">Immobilien&shy;gesellschaften, Versicherungen, Leasing&shy;gesellschaften,  Emissionsh\u00e4user, Anlagegesellschaften, Sub-Performing-Loans-Servicer<\/td>\n<\/tr>\n<tr class=\"row-4\">\n\t<td class=\"column-1\">Industrie<\/td><td class=\"column-2\">Anlagenbau, Kraftfahrzeugbau, Elektrotechnik, Energieversorgung, Pharmazie,  Textil, Recycling<\/td>\n<\/tr>\n<tr class=\"row-5\">\n\t<td class=\"column-1\">Handel<\/td><td class=\"column-2\">Einzelhandelsketten, Automobil-Zubeh\u00f6r, Recycling-Material<\/td>\n<\/tr>\n<tr class=\"row-6\">\n\t<td class=\"column-1\">Informations&shy;technologie<\/td><td class=\"column-2\">Banken-IT, Software-Provider, Netzwerkbetreiber<\/td>\n<\/tr>\n<tr class=\"row-7\">\n\t<td class=\"column-1\">Staatliche Unternehmen<\/td><td class=\"column-2\">Internationale Organisationen, \u00f6ffentlich-rechtliche Kredit&shy;unternehmungen,  \u00f6ffentlich-rechtliche Versicherungen, St\u00e4dtische Wasser-\/Gas-\/Stromversorgung<\/td>\n<\/tr>\n<tr class=\"row-8\">\n\t<td class=\"column-1\">Non-Profit-Unternehmen<\/td><td class=\"column-2\">Wohlfahrtsverb\u00e4nde, Altenheimbetreiber, Automobilclub, Gemeinn\u00fctzige  Arzneimittelhersteller<\/td>\n<\/tr>\n<\/tbody>\n<\/table>\n<!-- #tablepress-8 from cache -->\n\n\n\n<p style=\"margin-top: 60px\"> <\/p>\n\n\n\n<p><\/p>\n\n\n\n\n<table id=\"tablepress-9\" class=\"tablepress tablepress-id-9\">\n<thead>\n<tr class=\"row-1\">\n\t<th class=\"column-1\">Beratungs&shy;inhalte<\/th><th class=\"column-2\">Detail&shy;beschrei&shy;bungen<\/th><th class=\"column-3\"><a href=\"https:\/\/lamche.de\/?page_id=579\">Fallbeispiele<\/a><\/th>\n<\/tr>\n<\/thead>\n<tbody>\n<tr class=\"row-2\">\n\t<td class=\"column-1\">Strategie&shy;entwicklung und \u2013Umsetzung<\/td><td class=\"column-2\">Markt- und Wettbewerb; Eigene St\u00e4rken und Schw\u00e4chen; Markteintritt; Kooperation; etc.<\/td><td class=\"column-3\"><a href=\"https:\/\/lamche.de\/?page_id=678\">Internatio&shy;nalisierung<\/a><\/td>\n<\/tr>\n<tr class=\"row-3\">\n\t<td class=\"column-1\">Immobilien&shy;management<\/td><td class=\"column-2\">Immobilien&shy;investitionen: Mieterstruktur; Finanzierung; etc.\t<\/td><td class=\"column-3\"><a href=\"https:\/\/lamche.de\/?page_id=700\">Portfolio&shy;betreuung<\/a><\/td>\n<\/tr>\n<tr class=\"row-4\">\n\t<td class=\"column-1\">Ausl\u00e4ndische M\u00e4rkte\t<\/td><td class=\"column-2\">Wettbewer&shy;ber; Kooperations&shy;partner; Wirtschaftslage je Branche; Personal; Standorte; etc.\t<\/td><td class=\"column-3\"><a href=\"https:\/\/lamche.de\/?page_id=706\">Bank in Kasachstan<\/a><\/td>\n<\/tr>\n<tr class=\"row-5\">\n\t<td class=\"column-1\">Verbesserung der Aufbau- und Ablauf&shy;organisation\t<\/td><td class=\"column-2\">Verantwor&shy;tungen; Prozesse; Qualit\u00e4t; Anpassung an Marktbe&shy;d\u00fcrfnisse; IT-Ma\u00dfnahmen; etc.\t<\/td><td class=\"column-3\"><a href=\"https:\/\/lamche.de\/?page_id=712\">IT-Netzwerk&shy;betreiber<\/a><br \/>\n<a href=\"https:\/\/lamche.de\/?page_id=716\">Versicherung<\/a><\/td>\n<\/tr>\n<tr class=\"row-6\">\n\t<td class=\"column-1\">Controlling und Berichts&shy;wesen\t<\/td><td class=\"column-2\">Gesch\u00e4fts&shy;felder; Kosten&shy;rechnung; Planung; Soll\/IST-Vergleiche; Berichtwesen; etc.\t<\/td><td class=\"column-3\"><a href=\"https:\/\/lamche.de\/?page_id=720\">Amerikanische Investment&shy;gesellschaft<\/a><\/td>\n<\/tr>\n<tr class=\"row-7\">\n\t<td class=\"column-1\">Risiko&shy;management<\/td><td class=\"column-2\">Finanz-, Informations- und Material&shy;prozesse; Sicherheit; Stress&shy;szenarien; Ma\u00dfnahmen; etc.\t<\/td><td class=\"column-3\"><a href=\"https:\/\/lamche.de\/?page_id=732\">Verbesserung der Unternehmens&shy;bonit\u00e4t<\/a><\/td>\n<\/tr>\n<tr class=\"row-8\">\n\t<td class=\"column-1\">Sanierungen<\/td><td class=\"column-2\">Fortf\u00fchrungs&shy;chancen; Liquidit\u00e4t; Kosten&shy;struktur; Bilanz und Ertragslage; Verhand&shy;lungen; etc.<\/td><td class=\"column-3\"><a href=\"https:\/\/lamche.de\/?page_id=737\">Anlagen&shy;bauer<\/a><\/td>\n<\/tr>\n<tr class=\"row-9\">\n\t<td class=\"column-1\">Personal&shy;betreuung\t<\/td><td class=\"column-2\">Strukturen; Verantwor&shy;tungen; Personal&shy;auswahl\/ Entwicklung; Beurteilungs&shy;wesen; etc.\t<\/td><td class=\"column-3\"><a href=\"https:\/\/lamche.de\/?page_id=741\">Neugestaltung des Personal&shy;managements<\/a><\/td>\n<\/tr>\n<\/tbody>\n<\/table>\n<!-- #tablepress-9 from cache -->\n\n\n\n<p><\/p>\n","protected":false},"excerpt":{"rendered":"<p>Seit 1987 beraten wir Unternehmen aller Branchen im In- und Ausland. Wir helfen bei der Verbesserung der Ertragskraft, optimieren Prozesse und Strukturen und greifen auch ein bei akuten Unternehmenskrisen. Unser [&hellip;]<\/p>\n","protected":false},"author":1,"featured_media":1078,"parent":0,"menu_order":0,"comment_status":"closed","ping_status":"closed","template":"","meta":{"footnotes":""},"class_list":["post-597","page","type-page","status-publish","has-post-thumbnail","hentry"],"_links":{"self":[{"href":"https:\/\/lamche.de\/index.php?rest_route=\/wp\/v2\/pages\/597","targetHints":{"allow":["GET"]}}],"collection":[{"href":"https:\/\/lamche.de\/index.php?rest_route=\/wp\/v2\/pages"}],"about":[{"href":"https:\/\/lamche.de\/index.php?rest_route=\/wp\/v2\/types\/page"}],"author":[{"embeddable":true,"href":"https:\/\/lamche.de\/index.php?rest_route=\/wp\/v2\/users\/1"}],"replies":[{"embeddable":true,"href":"https:\/\/lamche.de\/index.php?rest_route=%2Fwp%2Fv2%2Fcomments&post=597"}],"version-history":[{"count":32,"href":"https:\/\/lamche.de\/index.php?rest_route=\/wp\/v2\/pages\/597\/revisions"}],"predecessor-version":[{"id":1077,"href":"https:\/\/lamche.de\/index.php?rest_route=\/wp\/v2\/pages\/597\/revisions\/1077"}],"wp:featuredmedia":[{"embeddable":true,"href":"https:\/\/lamche.de\/index.php?rest_route=\/wp\/v2\/media\/1078"}],"wp:attachment":[{"href":"https:\/\/lamche.de\/index.php?rest_route=%2Fwp%2Fv2%2Fmedia&parent=597"}],"curies":[{"name":"wp","href":"https:\/\/api.w.org\/{rel}","templated":true}]}}