{"id":600,"date":"2019-11-30T14:47:25","date_gmt":"2019-11-30T14:47:25","guid":{"rendered":"https:\/\/lamche.de\/?page_id=600"},"modified":"2019-12-31T12:14:03","modified_gmt":"2019-12-31T12:14:03","slug":"unsere-grundsatze","status":"publish","type":"page","link":"https:\/\/lamche.de\/?page_id=600","title":{"rendered":"Grunds\u00e4tze"},"content":{"rendered":"\n\n\n<ul class=\"wp-block-list\"><li><strong>Das Projektergebnis muss die Kundenerwartungen \u00fcbertreffen<\/strong><\/li><li><strong>Mit unseren Kunden definieren wir vor jedem Projekt individuell die Ziele und Aufgaben<\/strong><\/li><li><strong>F\u00fcr die Projektdurchf\u00fchrung werden nur kompetente Experten eingesetzt <\/strong><\/li><li><strong>Wir bieten L\u00f6sungen, die sowohl wachstums- als auch kostenorientiert sind <\/strong><\/li><li><strong>Wir liefern Ergebnisse, die umsetzbar sind; In der Regel betreuen wir die Umsetzung selbst<\/strong><\/li><li><strong>Ihr Ansprechpartner beim ersten Kontakt ist auch f\u00fcr den Projektabschluss verantwortlich<\/strong><\/li><li><strong>Wir arbeiten v\u00f6llig unabh\u00e4ngig!<\/strong><\/li><\/ul>\n\n\n\n<p><\/p>\n","protected":false},"excerpt":{"rendered":"<p>Das Projektergebnis muss die Kundenerwartungen \u00fcbertreffen Mit unseren Kunden definieren wir vor jedem Projekt individuell die Ziele und Aufgaben F\u00fcr die Projektdurchf\u00fchrung werden nur kompetente Experten eingesetzt Wir bieten L\u00f6sungen, [&hellip;]<\/p>\n","protected":false},"author":1,"featured_media":1084,"parent":0,"menu_order":0,"comment_status":"closed","ping_status":"closed","template":"","meta":{"footnotes":""},"class_list":["post-600","page","type-page","status-publish","has-post-thumbnail","hentry"],"_links":{"self":[{"href":"https:\/\/lamche.de\/index.php?rest_route=\/wp\/v2\/pages\/600","targetHints":{"allow":["GET"]}}],"collection":[{"href":"https:\/\/lamche.de\/index.php?rest_route=\/wp\/v2\/pages"}],"about":[{"href":"https:\/\/lamche.de\/index.php?rest_route=\/wp\/v2\/types\/page"}],"author":[{"embeddable":true,"href":"https:\/\/lamche.de\/index.php?rest_route=\/wp\/v2\/users\/1"}],"replies":[{"embeddable":true,"href":"https:\/\/lamche.de\/index.php?rest_route=%2Fwp%2Fv2%2Fcomments&post=600"}],"version-history":[{"count":15,"href":"https:\/\/lamche.de\/index.php?rest_route=\/wp\/v2\/pages\/600\/revisions"}],"predecessor-version":[{"id":1076,"href":"https:\/\/lamche.de\/index.php?rest_route=\/wp\/v2\/pages\/600\/revisions\/1076"}],"wp:featuredmedia":[{"embeddable":true,"href":"https:\/\/lamche.de\/index.php?rest_route=\/wp\/v2\/media\/1084"}],"wp:attachment":[{"href":"https:\/\/lamche.de\/index.php?rest_route=%2Fwp%2Fv2%2Fmedia&parent=600"}],"curies":[{"name":"wp","href":"https:\/\/api.w.org\/{rel}","templated":true}]}}